{"id":15,"date":"2024-07-28T09:22:43","date_gmt":"2024-07-28T00:22:43","guid":{"rendered":"http:\/\/beeup-rikusou.com\/?page_id=15"},"modified":"2024-12-10T10:50:34","modified_gmt":"2024-12-10T01:50:34","slug":"%e6%b1%82%e4%ba%ba%e6%83%85%e5%a0%b1","status":"publish","type":"page","link":"https:\/\/beeup-rikusou.com\/?page_id=15","title":{"rendered":"\u6c42\u4eba\u60c5\u5831"},"content":{"rendered":"\n<h2 class=\"wp-block-heading alignwide has-text-align-center\"><span style=\"font-size:50px\" class=\"swl-fz\">\u9678\u9001\u30c9\u30e9\u30a4\u30d0\u30fc\u52df\u96c6\u4e2d<\/span><\/h2>\n\n\n\n<div class=\"swell-block-capbox cap_box\"><div class=\"cap_box_ttl\"><span>\u5145\u5b9f\u3057\u305f\u30b5\u30dd\u30fc\u30c8\u4f53\u5236\u3067\u5b89\u5fc3\u3057\u3066\u50cd\u3051\u307e\u3059\uff01<\/span><\/div><div class=\"cap_box_content\">\n<p>\u79c1\u305f\u3061\u3068\u4e00\u7dd2\u306b\u3001\u5b89\u5168\u304b\u3064\u8fc5\u901f\u306a\u8eca\u4e21\u8f38\u9001\u3092\u30b5\u30dd\u30fc\u30c8\u3057\u3066\u3044\u305f\u3060\u3051\u308b\u696d\u52d9\u59d4\u8a17\u30c9\u30e9\u30a4\u30d0\u30fc\u3092\u52df\u96c6\u3057\u3066\u3044\u307e\u3059\u3002<\/p>\n\n\n\n<p>\u7d4c\u9a13\u8c4a\u5bcc\u306a\u65b9\u306f\u3082\u3061\u308d\u3093\u3001\u672a\u7d4c\u9a13\u306e\u65b9\u3067\u3082\u5b89\u5fc3\u3057\u3066\u30b9\u30bf\u30fc\u30c8\u3067\u304d\u308b\u74b0\u5883\u304c\u6574\u3063\u3066\u3044\u307e\u3059\u3002<br><strong>\u3057\u3063\u304b\u308a\u3068\u3057\u305f\u30b5\u30dd\u30fc\u30c8\u4f53\u5236<\/strong>\u3068<strong>\u67d4\u8edf\u306a\u50cd\u304d\u65b9<\/strong>\u3067\u3001\u3042\u306a\u305f\u306e\u7d4c\u9a13\u3084\u30b9\u30ad\u30eb\u3092\u6d3b\u304b\u3057\u3066\u5b89\u5b9a\u3057\u305f\u53ce\u5165\u3092\u5f97\u308b\u30c1\u30e3\u30f3\u30b9\u3067\u3059\uff01<\/p>\n<\/div><\/div>\n\n\n\n<div class=\"swell-block-accordion\">\n<details class=\"swell-block-accordion__item is-opened\" open data-swl-acc=\"wrapper\"><summary class=\"swell-block-accordion__title\" data-swl-acc=\"header\"><span class=\"swell-block-accordion__label\"><strong>\u672a\u7d4c\u9a13\u8005\u3082\u5b89\u5fc3\u306e\u7814\u4fee\u5236\u5ea6<\/strong><\/span><span class=\"swell-block-accordion__icon c-switchIconBtn\" data-swl-acc=\"icon\" aria-hidden=\"true\" data-opened=\"true\"><i class=\"__icon--closed icon-caret-down\"><\/i><i class=\"__icon--opened icon-caret-up\"><\/i><\/span><\/summary><div class=\"swell-block-accordion__body\" data-swl-acc=\"body\">\n<p>\u696d\u52d9\u306e\u6d41\u308c\u3084\u8f38\u9001\u306b\u5fc5\u8981\u306a\u30b9\u30ad\u30eb\u3092\u4e00\u304b\u3089\u5b66\u3079\u308b\u7814\u4fee\u3092\u5b9f\u65bd\u3002\u7d4c\u9a13\u304c\u306a\u3044\u65b9\u3067\u3082\u81ea\u4fe1\u3092\u6301\u3063\u3066\u30b9\u30bf\u30fc\u30c8\u3067\u304d\u308b\u3088\u3046\u30b5\u30dd\u30fc\u30c8\u3057\u307e\u3059\u3002<\/p>\n<\/div><\/details>\n\n\n\n<details class=\"swell-block-accordion__item is-opened\" open data-swl-acc=\"wrapper\"><summary class=\"swell-block-accordion__title\" data-swl-acc=\"header\"><span class=\"swell-block-accordion__label\"><strong>\u5c02\u4efb\u30b9\u30bf\u30c3\u30d5\u306e\u30d5\u30a9\u30ed\u30fc\u4f53\u5236<\/strong><\/span><span class=\"swell-block-accordion__icon c-switchIconBtn\" data-swl-acc=\"icon\" aria-hidden=\"true\" data-opened=\"true\"><i class=\"__icon--closed icon-caret-down\"><\/i><i class=\"__icon--opened icon-caret-up\"><\/i><\/span><\/summary><div class=\"swell-block-accordion__body\" data-swl-acc=\"body\">\n<p>\u696d\u52d9\u4e2d\u306b\u56f0\u3063\u305f\u3053\u3068\u304c\u3042\u308c\u3070\u3001\u5c02\u4efb\u30b9\u30bf\u30c3\u30d5\u304c\u5bfe\u5fdc\u3057\u307e\u3059\u3002\u30c8\u30e9\u30d6\u30eb\u3084\u7dca\u6025\u6642\u3067\u3082\u5b89\u5fc3\u3057\u3066\u50cd\u3051\u308b\u74b0\u5883\u3067\u3059\u3002<\/p>\n<\/div><\/details>\n\n\n\n<details class=\"swell-block-accordion__item is-opened\" open data-swl-acc=\"wrapper\"><summary class=\"swell-block-accordion__title\" data-swl-acc=\"header\"><span class=\"swell-block-accordion__label\"><strong>\u30d5\u30ec\u30ad\u30b7\u30d6\u30eb\u306a\u50cd\u304d\u65b9<\/strong><\/span><span class=\"swell-block-accordion__icon c-switchIconBtn\" data-swl-acc=\"icon\" aria-hidden=\"true\" data-opened=\"true\"><i class=\"__icon--closed icon-caret-down\"><\/i><i class=\"__icon--opened icon-caret-up\"><\/i><\/span><\/summary><div class=\"swell-block-accordion__body\" data-swl-acc=\"body\">\n<p>\u81ea\u5206\u306e\u30da\u30fc\u30b9\u3067\u4ed5\u4e8b\u304c\u3067\u304d\u308b\u306e\u3067\u3001\u30e9\u30a4\u30d5\u30b9\u30bf\u30a4\u30eb\u306b\u5408\u308f\u305b\u305f\u50cd\u304d\u65b9\u304c\u53ef\u80fd\u3002\u81ea\u7531\u306a\u6642\u9593\u306b\u50cd\u3044\u3066\u3057\u3063\u304b\u308a\u7a3c\u3052\u307e\u3059\u3002<\/p>\n<\/div><\/details>\n<\/div>\n\n\n\n<h3 class=\"wp-block-heading\">\u304a\u4ed5\u4e8b\u306e\u6d41\u308c<\/h3>\n\n\n\n<div class=\"swell-block-step\" data-num-style=\"circle\">\n<div class=\"swell-block-step__item\"><div class=\"swell-block-step__number u-bg-main\"><span class=\"__label\">STEP<\/span><\/div><div class=\"swell-block-step__title u-fz-l\">\u6307\u5b9a\u306e\u5834\u6240\u3078\u8eca\u4e21\u53d6\u308a\u306b\u884c\u304f<\/div><div class=\"swell-block-step__body\">\n<div class=\"wp-block-columns\">\n<div class=\"wp-block-column\" style=\"flex-basis:33.33%\">\n<figure class=\"wp-block-image size-large\"><img decoding=\"async\" width=\"1024\" height=\"681\" src=\"http:\/\/beeup-rikusou.com\/wp-content\/uploads\/2024\/10\/\u30b9\u30de\u30db\u64cd\u4f5c-1024x681.jpg\" alt=\"\" class=\"wp-image-143\" srcset=\"https:\/\/beeup-rikusou.com\/wp-content\/uploads\/2024\/10\/\u30b9\u30de\u30db\u64cd\u4f5c-1024x681.jpg 1024w, https:\/\/beeup-rikusou.com\/wp-content\/uploads\/2024\/10\/\u30b9\u30de\u30db\u64cd\u4f5c-300x199.jpg 300w, https:\/\/beeup-rikusou.com\/wp-content\/uploads\/2024\/10\/\u30b9\u30de\u30db\u64cd\u4f5c-768x511.jpg 768w, https:\/\/beeup-rikusou.com\/wp-content\/uploads\/2024\/10\/\u30b9\u30de\u30db\u64cd\u4f5c-1536x1021.jpg 1536w, https:\/\/beeup-rikusou.com\/wp-content\/uploads\/2024\/10\/\u30b9\u30de\u30db\u64cd\u4f5c-2048x1362.jpg 2048w\" sizes=\"(max-width: 1024px) 100vw, 1024px\" \/><\/figure>\n<\/div>\n\n\n\n<div class=\"wp-block-column\" style=\"flex-basis:66.66%\">\n<p>\u4e8b\u524d\u306b\u30a2\u30d7\u30ea\u3067\u914d\u8eca\u306e\u4e88\u5b9a\u3092\u3054\u9023\u7d61\u3057\u307e\u3059\u306e\u3067\u4e88\u5b9a\u6642\u9593\u307e\u3067\u306b<\/p>\n\n\n\n<p>\u8eca\u4e21\u3092\u5f15\u53d6\u304f\u3060\u3055\u3044\u3002<\/p>\n<\/div>\n<\/div>\n<\/div><\/div>\n\n\n\n<div class=\"swell-block-step__item\"><div class=\"swell-block-step__number u-bg-main\"><span class=\"__label\">STEP<\/span><\/div><div class=\"swell-block-step__title u-fz-l\">\u62c5\u5f53\u8eca\u4e21\u306e\u50b7\u7b49\u306e\u78ba\u8a8d<\/div><div class=\"swell-block-step__body\">\n<div class=\"wp-block-columns\">\n<div class=\"wp-block-column\" style=\"flex-basis:33.33%\">\n<figure class=\"wp-block-image size-large\"><img decoding=\"async\" width=\"1024\" height=\"683\" src=\"http:\/\/beeup-rikusou.com\/wp-content\/uploads\/2024\/10\/\u8eca\u4e21\u30c1\u30a7\u30c3\u30af-1024x683.jpg\" alt=\"\" class=\"wp-image-144\" srcset=\"https:\/\/beeup-rikusou.com\/wp-content\/uploads\/2024\/10\/\u8eca\u4e21\u30c1\u30a7\u30c3\u30af-1024x683.jpg 1024w, https:\/\/beeup-rikusou.com\/wp-content\/uploads\/2024\/10\/\u8eca\u4e21\u30c1\u30a7\u30c3\u30af-300x200.jpg 300w, https:\/\/beeup-rikusou.com\/wp-content\/uploads\/2024\/10\/\u8eca\u4e21\u30c1\u30a7\u30c3\u30af-768x512.jpg 768w, https:\/\/beeup-rikusou.com\/wp-content\/uploads\/2024\/10\/\u8eca\u4e21\u30c1\u30a7\u30c3\u30af-1536x1024.jpg 1536w, https:\/\/beeup-rikusou.com\/wp-content\/uploads\/2024\/10\/\u8eca\u4e21\u30c1\u30a7\u30c3\u30af-2048x1365.jpg 2048w\" sizes=\"(max-width: 1024px) 100vw, 1024px\" \/><\/figure>\n<\/div>\n\n\n\n<div class=\"wp-block-column\" style=\"flex-basis:66.66%\">\n<p>\u81ea\u8d70\u3059\u308b\u8eca\u4e21\u306e\u78ba\u8a8d\u3092\u304a\u3053\u306a\u3044\u307e\u3059\u3002<\/p>\n\n\n\n<p>\u30d5\u30ec\u30fc\u30e0\u30ca\u30f3\u30d0\u30fc\u3001\u50b7\u3001\u51f9\u307f\u3001\u8eca\u5185\u306b\u8377\u7269\u304c\u6b8b\u3063\u3066\u3044\u306a\u3044\u304b\u78ba\u8a8d\u3002<\/p>\n<\/div>\n<\/div>\n<\/div><\/div>\n\n\n\n<div class=\"swell-block-step__item\"><div class=\"swell-block-step__number u-bg-main\"><span class=\"__label\">STEP<\/span><\/div><div class=\"swell-block-step__title u-fz-l\">\u6307\u5b9a\u306e\u5834\u6240\u3078\u81ea\u8d70<\/div><div class=\"swell-block-step__body\">\n<div class=\"wp-block-columns\">\n<div class=\"wp-block-column\" style=\"flex-basis:33.33%\">\n<figure class=\"wp-block-image size-large\"><img decoding=\"async\" width=\"1024\" height=\"768\" src=\"http:\/\/beeup-rikusou.com\/wp-content\/uploads\/2024\/10\/\u904b\u8ee2-1024x768.jpg\" alt=\"\" class=\"wp-image-145\" srcset=\"https:\/\/beeup-rikusou.com\/wp-content\/uploads\/2024\/10\/\u904b\u8ee2-1024x768.jpg 1024w, https:\/\/beeup-rikusou.com\/wp-content\/uploads\/2024\/10\/\u904b\u8ee2-300x225.jpg 300w, https:\/\/beeup-rikusou.com\/wp-content\/uploads\/2024\/10\/\u904b\u8ee2-768x576.jpg 768w, https:\/\/beeup-rikusou.com\/wp-content\/uploads\/2024\/10\/\u904b\u8ee2-1536x1152.jpg 1536w, https:\/\/beeup-rikusou.com\/wp-content\/uploads\/2024\/10\/\u904b\u8ee2-2048x1536.jpg 2048w\" sizes=\"(max-width: 1024px) 100vw, 1024px\" \/><\/figure>\n<\/div>\n\n\n\n<div class=\"wp-block-column\" style=\"flex-basis:66.66%\">\n<p>\u6307\u5b9a\u306e\u5834\u6240\u3078\u81ea\u8d70\u3057\u307e\u3059\u3002<\/p>\n\n\n\n<p>\u5b89\u5168\u904b\u8ee2\u3067\u5927\u5207\u306a\u304a\u8eca\u3092\u904b\u3073\u307e\u3059\u3002<\/p>\n<\/div>\n<\/div>\n<\/div><\/div>\n\n\n\n<div class=\"swell-block-step__item\"><div class=\"swell-block-step__number u-bg-main\"><span class=\"__label\">STEP<\/span><\/div><div class=\"swell-block-step__title u-fz-l\">\u6307\u5b9a\u306e\u5834\u6240\u3078\u99d0\u8eca\u3057\u3066\u5831\u544a\u3057\u3066\u7d42\u4e86<\/div><div class=\"swell-block-step__body\">\n<div class=\"wp-block-columns\">\n<div class=\"wp-block-column\" style=\"flex-basis:33.33%\">\n<figure class=\"wp-block-image size-large\"><img decoding=\"async\" width=\"1024\" height=\"768\" src=\"http:\/\/beeup-rikusou.com\/wp-content\/uploads\/2024\/10\/\u8eca\u30e4\u30fc\u30c9-1024x768.jpg\" alt=\"\" class=\"wp-image-146\" srcset=\"https:\/\/beeup-rikusou.com\/wp-content\/uploads\/2024\/10\/\u8eca\u30e4\u30fc\u30c9-1024x768.jpg 1024w, https:\/\/beeup-rikusou.com\/wp-content\/uploads\/2024\/10\/\u8eca\u30e4\u30fc\u30c9-300x225.jpg 300w, https:\/\/beeup-rikusou.com\/wp-content\/uploads\/2024\/10\/\u8eca\u30e4\u30fc\u30c9-768x576.jpg 768w, https:\/\/beeup-rikusou.com\/wp-content\/uploads\/2024\/10\/\u8eca\u30e4\u30fc\u30c9-1536x1152.jpg 1536w, https:\/\/beeup-rikusou.com\/wp-content\/uploads\/2024\/10\/\u8eca\u30e4\u30fc\u30c9-2048x1536.jpg 2048w\" sizes=\"(max-width: 1024px) 100vw, 1024px\" \/><\/figure>\n<\/div>\n\n\n\n<div class=\"wp-block-column\" style=\"flex-basis:66.66%\">\n<p>\u5834\u6240\u306b\u3088\u3063\u3066\u7f6e\u304d\u5834\u6240\u304c\u9055\u3044\u307e\u3059\u306e\u3067\u3001\u4fc2\u306e\u65b9\u306b\u6307\u793a\u3057\u305f\u304c\u3063\u3066\u8eca\u4e21\u3092<\/p>\n\n\n\n<p>\u99d0\u8eca\u3057\u307e\u3059\u3002<\/p>\n\n\n\n<p>\u305d\u306e\u5f8c\u3001\u30a2\u30d7\u30ea\u3067\u5831\u544a\u3057\u3066\u304a\u4ed5\u4e8b\u5b8c\u4e86\u3067\u3059\u3002<\/p>\n<\/div>\n<\/div>\n<\/div><\/div>\n<\/div>\n\n\n\n<div class=\"swell-block-tab has-background is-style-default has-border -border04\" data-width-pc=\"auto\" data-width-sp=\"auto\" style=\"background-color:var(--color_pale01)\"><ul class=\"c-tabList\" role=\"tablist\"><li class=\"c-tabList__item\" role=\"presentation\"><button role=\"tab\" class=\"c-tabList__button\" aria-selected=\"true\" aria-controls=\"tab-f5103717-0\" data-onclick=\"tabControl\">\u4ed5\u4e8b\u5185\u5bb9<\/button><\/li><li class=\"c-tabList__item\" role=\"presentation\"><button role=\"tab\" class=\"c-tabList__button\" aria-selected=\"false\" aria-controls=\"tab-f5103717-1\" data-onclick=\"tabControl\">\u52df\u96c6\u8981\u9805<\/button><\/li><li class=\"c-tabList__item\" role=\"presentation\"><button role=\"tab\" class=\"c-tabList__button\" aria-selected=\"false\" aria-controls=\"tab-f5103717-2\" data-onclick=\"tabControl\">\u52e4\u52d9\u30a8\u30ea\u30a2<\/button><\/li><li class=\"c-tabList__item\" role=\"presentation\"><button role=\"tab\" class=\"c-tabList__button\" aria-selected=\"false\" aria-controls=\"tab-f5103717-3\" data-onclick=\"tabControl\">\u5831\u916c<\/button><\/li><li class=\"c-tabList__item\" role=\"presentation\"><button role=\"tab\" class=\"c-tabList__button\" aria-selected=\"false\" aria-controls=\"tab-f5103717-4\" data-onclick=\"tabControl\">\u5fdc\u52df\u65b9\u6cd5<\/button><\/li><\/ul><div class=\"c-tabBody\">\n<div id=\"tab-f5103717-0\" class=\"c-tabBody__item\" aria-hidden=\"false\">\n<p>\u30fb\u8eca\u4e21\u306e\u8f38\u9001\u30fb\u56de\u9001\u696d\u52d9\uff08\u4e3b\u306b\u4e57\u7528\u8eca\u3084\u30c8\u30e9\u30c3\u30af\uff09<\/p>\n\n\n\n<p>\u30fb\u6307\u5b9a\u3055\u308c\u305f\u5834\u6240\u304b\u3089\u5834\u6240\u3078<\/p>\n\n\n\n<p>\u30fb\u8eca\u4e21\u3092\u5b89\u5168\u306b\u8f38\u9001\u66f8\u985e\u306e\u53d7\u3051\u6e21\u3057\u3068\u7c21\u5358\u306a\u70b9\u691c\u696d\u52d9<\/p>\n<\/div>\n\n\n\n<div id=\"tab-f5103717-1\" class=\"c-tabBody__item\" aria-hidden=\"true\">\n<p>\u30fb\u696d\u52d9\u59d4\u8a17\u5951\u7d04\u7d4c\u9a13\u4e0d\u554f\uff08\u672a\u7d4c\u9a13\u8005\u6b53\u8fce\uff09<\/p>\n\n\n\n<p>\u30fb\u666e\u901a\u81ea\u52d5\u8eca\u514d\u8a31\u5fc5\u9808\uff08\u5927\u578b\u514d\u8a31\u6240\u6301\u8005\u6b53\u8fce\uff09<\/p>\n\n\n\n<p>\u30fb\u30b5\u30dd\u30fc\u30c8\u304c\u5145\u5b9f\u3057\u3066\u3044\u308b\u305f\u3081\u3001\u5b89\u5fc3\u3057\u3066\u9577\u304f\u50cd\u3051\u307e\u3059<\/p>\n<\/div>\n\n\n\n<div id=\"tab-f5103717-2\" class=\"c-tabBody__item\" aria-hidden=\"true\">\n<p>\u30fb\u57fa\u672c\u9759\u5ca1(\u6771\u6d77\u5730\u533a\u5168\u822c)<\/p>\n<\/div>\n\n\n\n<div id=\"tab-f5103717-3\" class=\"c-tabBody__item\" aria-hidden=\"true\">\n<p>\u30fb\u8f38\u9001\u8ddd\u96e2\u30fb\u6848\u4ef6\u306b\u3088\u3063\u3066\u5909\u52d5\u3057\u307e\u3059\uff08\u8a73\u7d30\u306f\u9762\u8ac7\u6642\u306b\u8aac\u660e\uff09<\/p>\n<\/div>\n\n\n\n<div id=\"tab-f5103717-4\" class=\"c-tabBody__item\" aria-hidden=\"true\">\n<p>\u6c42\u4eba\u5c02\u7528\u306e\u304a\u554f\u3044\u5408\u308f\u305b\u30d5\u30a9\u30fc\u30e0\u304b\u3089\u5fdc\u52df\u304f\u3060\u3055\u3044\u3002<\/p>\n\n\n\n<p>\u5c65\u6b74\u66f8\u3068\u904b\u8ee2\u514d\u8a31\u8a3c\u3092\u3054\u7528\u610f\u3044\u305f\u3060\u3051\u308b\u3068\u30b9\u30e0\u30fc\u30ba\u3067\u3059\u3002<\/p>\n<\/div>\n<\/div><\/div>\n\n\n\n<div class=\"wp-block-contact-form-7-contact-form-selector\">\n<div class=\"wpcf7 no-js\" id=\"wpcf7-f153-o1\" lang=\"ja\" dir=\"ltr\" data-wpcf7-id=\"153\">\n<div class=\"screen-reader-response\"><p role=\"status\" aria-live=\"polite\" aria-atomic=\"true\"><\/p> <ul><\/ul><\/div>\n<form action=\"\/index.php?rest_route=%2Fwp%2Fv2%2Fpages%2F15#wpcf7-f153-o1\" method=\"post\" class=\"wpcf7-form init\" aria-label=\"\u30b3\u30f3\u30bf\u30af\u30c8\u30d5\u30a9\u30fc\u30e0\" novalidate=\"novalidate\" data-status=\"init\">\n<div style=\"display: none;\">\n<input type=\"hidden\" name=\"_wpcf7\" value=\"153\" \/>\n<input type=\"hidden\" name=\"_wpcf7_version\" value=\"6.0.4\" \/>\n<input type=\"hidden\" name=\"_wpcf7_locale\" value=\"ja\" \/>\n<input type=\"hidden\" name=\"_wpcf7_unit_tag\" value=\"wpcf7-f153-o1\" \/>\n<input type=\"hidden\" name=\"_wpcf7_container_post\" value=\"0\" \/>\n<input type=\"hidden\" name=\"_wpcf7_posted_data_hash\" value=\"\" \/>\n<\/div>\n<table class=\"CF7_table\">\n\t<tr>\n\t\t<th>\n\t\t\t<p><span class=\"CF7_req\"><\/span> \u304a\u540d\u524d\n\t\t\t<\/p>\n\t\t<\/th>\n\t\t<td>\n\t\t\t<p><span class=\"wpcf7-form-control-wrap\" data-name=\"your-name\"><input size=\"40\" maxlength=\"400\" class=\"wpcf7-form-control wpcf7-text wpcf7-validates-as-required\" aria-required=\"true\" aria-invalid=\"false\" placeholder=\"\u4f8b\uff1a\u5c71\u7530\u3000\u592a\u90ce\" value=\"\" type=\"text\" name=\"your-name\" \/><\/span>\n\t\t\t<\/p>\n\t\t<\/td>\n\t<\/tr>\n\t<tr>\n\t\t<th>\n\t\t\t<p><span class=\"CF7_req\"><\/span> \u3075\u308a\u304c\u306a\n\t\t\t<\/p>\n\t\t<\/th>\n\t\t<td>\n\t\t\t<p><span class=\"wpcf7-form-control-wrap\" data-name=\"your-namefri\"><input size=\"40\" maxlength=\"400\" class=\"wpcf7-form-control wpcf7-text wpcf7-validates-as-required\" aria-required=\"true\" aria-invalid=\"false\" placeholder=\"\u4f8b\uff1a\u3084\u307e\u3060\u3000\u305f\u308d\u3046\" value=\"\" type=\"text\" name=\"your-namefri\" \/><\/span>\n\t\t\t<\/p>\n\t\t<\/td>\n\t<\/tr>\n\t<tr>\n\t\t<th>\n\t\t\t<p><span class=\"CF7_req\"><\/span> \u30e1\u30fc\u30eb\u30a2\u30c9\u30ec\u30b9\n\t\t\t<\/p>\n\t\t<\/th>\n\t\t<td>\n\t\t\t<p><span class=\"wpcf7-form-control-wrap\" data-name=\"your-email\"><input size=\"40\" maxlength=\"400\" class=\"wpcf7-form-control wpcf7-email wpcf7-validates-as-required wpcf7-text wpcf7-validates-as-email\" aria-required=\"true\" aria-invalid=\"false\" placeholder=\"\u4f8b\uff1a\u00d7\u00d7\u00d7@\u00d7\u00d7\u00d7.com\" value=\"\" type=\"email\" name=\"your-email\" \/><\/span>\n\t\t\t<\/p>\n\t\t<\/td>\n\t<\/tr>\n\t<tr>\n\t\t<th>\n\t\t\t<p><span class=\"CF7_req\"><\/span>\u304a\u96fb\u8a71\u756a\u53f7\n\t\t\t<\/p>\n\t\t<\/th>\n\t\t<td>\n\t\t\t<p><span class=\"wpcf7-form-control-wrap\" data-name=\"your-tel\"><input size=\"40\" maxlength=\"400\" class=\"wpcf7-form-control wpcf7-text wpcf7-validates-as-required\" aria-required=\"true\" aria-invalid=\"false\" placeholder=\"\u4f8b\uff1a03-1234-5678\" value=\"\" type=\"text\" name=\"your-tel\" \/><\/span>\n\t\t\t<\/p>\n\t\t<\/td>\n\t<\/tr>\n\t<tr>\n\t\t<th>\n\t\t\t<p><span class=\"CF7_req\"><\/span>\u514d\u8a31\u8a3c\u7a2e\u985e\n\t\t\t<\/p>\n\t\t<\/th>\n\t\t<td>\n\t\t\t<p><span class=\"wpcf7-form-control-wrap\" data-name=\"your-license\"><input size=\"40\" maxlength=\"400\" class=\"wpcf7-form-control wpcf7-text wpcf7-validates-as-required\" aria-required=\"true\" aria-invalid=\"false\" placeholder=\"\u4f8b\uff1a\u666e\u901a\u514d\u8a31MT\" value=\"\" type=\"text\" name=\"your-license\" \/><\/span>\n\t\t\t<\/p>\n\t\t<\/td>\n\t<\/tr>\n\t<tr>\n\t\t<th>\n\t\t\t<p><span class=\"CF7_req\"><\/span>\u6700\u5bc4\u99c5\n\t\t\t<\/p>\n\t\t<\/th>\n\t\t<td>\n\t\t\t<p><span class=\"wpcf7-form-control-wrap\" data-name=\"your-station\"><input size=\"40\" maxlength=\"400\" class=\"wpcf7-form-control wpcf7-text wpcf7-validates-as-required\" aria-required=\"true\" aria-invalid=\"false\" placeholder=\"\u4f8b\uff1a\u9759\u5ca1\u99c5\" value=\"\" type=\"text\" name=\"your-station\" \/><\/span>\n\t\t\t<\/p>\n\t\t<\/td>\n\t<\/tr>\n\t<tr>\n\t\t<th>\n\t\t\t<p><span class=\"CF7_req\"><\/span>\u30e1\u30c3\u30bb\u30fc\u30b8\u672c\u6587\n\t\t\t<\/p>\n\t\t<\/th>\n\t\t<td class=\"message-100\">\n\t\t\t<p><span class=\"wpcf7-form-control-wrap\" data-name=\"your-message\"><textarea cols=\"40\" rows=\"10\" maxlength=\"2000\" class=\"wpcf7-form-control wpcf7-textarea wpcf7-validates-as-required\" aria-required=\"true\" aria-invalid=\"false\" placeholder=\"\u304a\u554f\u3044\u5408\u308f\u305b\u5185\u5bb9\u3092\u3054\u8a18\u5165\u304f\u3060\u3055\u3044\" name=\"your-message\"><\/textarea><\/span>\u3000\n\t\t\t<\/p>\n\t\t<\/td>\n\t<\/tr>\n<\/table>\n<p class=\"CF7_btn\"><input class=\"wpcf7-form-control wpcf7-submit has-spinner\" type=\"submit\" value=\"\u9001\u4fe1\u3059\u308b\" \/>\n<\/p><div class=\"wpcf7-response-output\" aria-hidden=\"true\"><\/div>\n<\/form>\n<\/div>\n<\/div>\n\n\n\n\n","protected":false},"excerpt":{"rendered":"<p>\u9678\u9001\u30c9\u30e9\u30a4\u30d0\u30fc\u52df\u96c6\u4e2d \u304a\u4ed5\u4e8b\u306e\u6d41\u308c<\/p>\n","protected":false},"author":1,"featured_media":0,"parent":0,"menu_order":0,"comment_status":"closed","ping_status":"closed","template":"","meta":{"om_disable_all_campaigns":false,"_monsterinsights_skip_tracking":false,"_monsterinsights_sitenote_active":false,"_monsterinsights_sitenote_note":"","_monsterinsights_sitenote_category":0,"swell_btn_cv_data":"","footnotes":""},"class_list":["post-15","page","type-page","status-publish","hentry"],"aioseo_notices":[],"_links":{"self":[{"href":"https:\/\/beeup-rikusou.com\/index.php?rest_route=\/wp\/v2\/pages\/15","targetHints":{"allow":["GET"]}}],"collection":[{"href":"https:\/\/beeup-rikusou.com\/index.php?rest_route=\/wp\/v2\/pages"}],"about":[{"href":"https:\/\/beeup-rikusou.com\/index.php?rest_route=\/wp\/v2\/types\/page"}],"author":[{"embeddable":true,"href":"https:\/\/beeup-rikusou.com\/index.php?rest_route=\/wp\/v2\/users\/1"}],"replies":[{"embeddable":true,"href":"https:\/\/beeup-rikusou.com\/index.php?rest_route=%2Fwp%2Fv2%2Fcomments&post=15"}],"version-history":[{"count":9,"href":"https:\/\/beeup-rikusou.com\/index.php?rest_route=\/wp\/v2\/pages\/15\/revisions"}],"predecessor-version":[{"id":154,"href":"https:\/\/beeup-rikusou.com\/index.php?rest_route=\/wp\/v2\/pages\/15\/revisions\/154"}],"wp:attachment":[{"href":"https:\/\/beeup-rikusou.com\/index.php?rest_route=%2Fwp%2Fv2%2Fmedia&parent=15"}],"curies":[{"name":"wp","href":"https:\/\/api.w.org\/{rel}","templated":true}]}}